{"id":2411,"date":"2024-07-09T15:19:23","date_gmt":"2024-07-09T16:19:23","guid":{"rendered":"https:\/\/www.dzievan.com\/?page_id=2411"},"modified":"2026-02-25T11:32:46","modified_gmt":"2026-02-25T12:32:46","slug":"trening-1-1-2","status":"publish","type":"page","link":"https:\/\/www.dzievan.com\/index.php\/trening-1-1-2\/","title":{"rendered":"Trening 1-1"},"content":{"rendered":"\n<p><\/p>\n\n\n\n<p><\/p>\n\n\n\n<p>Aby rozpocz\u0105\u0107 trening 1-1 wy\u015blij wiadomo\u015b\u0107 na WhatsApp  +44 7871 349 600  lub zadzwo\u0144 &#8211; <a href=\"https:\/\/api.whatsapp.com\/send\/?phone=447871349600&amp;text&amp;type=phone_number&amp;app_absent=0\">WhatsApp Zbyszek &#8221;Dzievan&#8221;<\/a><\/p>\n\n\n\n<div class=\"wp-block-columns is-layout-flex wp-container-core-columns-is-layout-9d6595d7 wp-block-columns-is-layout-flex\">\n<div class=\"wp-block-column is-layout-flow wp-block-column-is-layout-flow\">\n<p class=\"has-black-color has-text-color has-medium-font-size\"><strong>Komu polecamy Trening 1-1<\/strong><\/p>\n\n\n\n<ul class=\"wp-block-list\">\n<li>Je\u015bli potrzebujesz zmiany w \u017cyciu dla siebie lub cz\u0142onk\u00f3w swojej rodziny, wybierz trening personalny VIA.<\/li>\n<\/ul>\n\n\n\n<ul class=\"wp-block-list\">\n<li>Je\u015bli chceszosi\u0105gn\u0105\u0107 wybrany Cel VIA pod pe\u0142nym nadzorem, dbaj\u0105c o ka\u017cdy szczeg\u00f3\u0142 w drodze do Celu.<\/li>\n<\/ul>\n\n\n\n<ul class=\"wp-block-list\">\n<li>Spos\u00f3b ten jest szczeg\u00f3lnie polecany osobom ceni\u0105cym cisz\u0119, spok\u00f3j, lubi\u0105cym i potrzebuj\u0105cym pe\u0142nej uwagi.<\/li>\n<\/ul>\n\n\n\n<ul class=\"wp-block-list\">\n<li>Spos\u00f3b ten jest szczeg\u00f3lnie polecany osobom, kt\u00f3re maj\u0105 szczeg\u00f3lne wymagania zdrowotne i po prostu nie mog\u0105 \u0107wiczy\u0107 w grupie.<\/li>\n<\/ul>\n\n\n\n<p>Sesja 1-1 wymaga pierwszego spotkania w celu ustalenia profilu osobowego oraz diagnozy si\u0142y i sprawno\u015bci \u2013 zajmuje 1,5 \u2013 2h.<\/p>\n\n\n\n<p>Cena \u00a395<\/p>\n\n\n\n<p>Ka\u017cda kolejna sesja treningowa trwa 1h z ustalon\u0105 cz\u0119stotliwo\u015bci\u0105, aby osi\u0105gn\u0105\u0107 wybrany Cel VIA w optymalny spos\u00f3b.<\/p>\n\n\n\n<p>Cena \u00a365\/h<\/p>\n<\/div>\n\n\n\n<div class=\"wp-block-column is-layout-flow wp-block-column-is-layout-flow\">\n<p class=\"has-black-color has-text-color has-medium-font-size\"><strong>Tak to dzia\u0142a:<\/strong><\/p>\n\n\n\n<p>Kontaktujesz si\u0119 przez<a href=\"https:\/\/api.whatsapp.com\/send\/?phone=447871349600&amp;text&amp;type=phone_number&amp;app_absent=0\"> WhatsApp<\/a> lub <\/p>\n\n\n\n<p>mailem: <a href=\"mailto:office.dzievan.com@gmail.com\">office.dzievan.com@gmail.com<\/a><\/p>\n\n\n\n<ol class=\"wp-block-list\">\n<li><strong>Pierwszy kontakt jest bezp\u0142atny<\/strong>. Rozmowa na WhatsApp mo\u017ce by\u0107 wideo lub tylko g\u0142osowa je\u017celi tak czujesz si\u0119 lepiej i trwa do 15 min.<\/li>\n<\/ol>\n\n\n\n<p>2. <strong>Je\u017celi decydujesz si\u0119 na trening <\/strong>umawiamy si\u0119 na pierwsze spotkanie i ustalamy cz\u0119stotliwo\u015b\u0107 trening\u00f3w i dok\u0142adny czas kiedy b\u0119d\u0105 si\u0119 odbywa\u0107. Wybierz sw\u00f3j plan cz\u0119stotliwo\u015bci z poni\u017cszej listy:<\/p>\n\n\n\n<ul class=\"wp-block-list\">\n<li><strong><mark style=\"background-color:rgba(0, 0, 0, 0)\" class=\"has-inline-color has-black-color\">Specjalne potrzeby:<\/mark><\/strong> 5\/7 tygodniowo | 20 miesi\u0119cznie | 16\/20 p\u0142atne + 4 dodatkowe bezp\u0142atne |<\/li>\n\n\n\n<li><strong><mark style=\"background-color:rgba(0, 0, 0, 0)\" class=\"has-inline-color has-black-color\">Intensywny:<\/mark><\/strong> 3\/7 tygodniowo | 12 miesi\u0119cznie | 9\/12 p\u0142atne + 3 dodatkowe bezp\u0142atne |<\/li>\n\n\n\n<li><strong><mark style=\"background-color:rgba(0, 0, 0, 0)\" class=\"has-inline-color has-black-color\">Jestem dobry:<\/mark><\/strong> 2\/7 tygodniowo | 8 miesi\u0119cznie | 7\/8 p\u0142atne + 1 dodatkowy darmowy |<\/li>\n\n\n\n<li><strong><mark style=\"background-color:rgba(0, 0, 0, 0)\" class=\"has-inline-color has-black-color\">Niezale\u017cny:<\/mark><\/strong> 1\/7 tygodniowo | 4 miesi\u0119cznie | 4\/4 p\u0142atne<\/li>\n\n\n\n<li><mark style=\"background-color:rgba(0, 0, 0, 0)\" class=\"has-inline-color has-black-color\"><strong>Sprawd\u017a mnie<\/strong>:<\/mark> 1 lub 2 miesi\u0119cznie | w pe\u0142ni p\u0142atny<\/li>\n<\/ul>\n\n\n\n<p>3. <strong>Treningi odbywaj\u0105 si\u0119 na platformie <\/strong>Zoom lub na WhatsApp<\/p>\n\n\n\n<p><strong>Potrzebujesz dobrego po\u0142\u0105czenia internetowego i laptopa\/komputera z kamer\u0105 lub tylko telefonu. <\/strong><\/p>\n\n\n\n<p>4. <strong>Faktura za treningi <\/strong>wystawiana jest na koniec ka\u017cdego miesi\u0105ca z terminem p\u0142atno\u015bci do 14 dni.<\/p>\n\n\n\n<p class=\"has-black-color has-text-color\"><strong>P\u0142atno\u015b\u0107 mo\u017cna dokona\u0107 w GBP na angielskie konto:<\/strong><\/p>\n\n\n\n<p>Name on the account: Zbigniew Dziewanowski<br>Sort code: 30-96-03<br>Account number: 25129860&nbsp;<\/p>\n\n\n\n<p><\/p>\n\n\n\n<p class=\"has-black-color has-text-color\"><strong>Lub w PLN na polskie konto (dla klient\u00f3w z Polski p\u0142atno\u015b\u0107 przeliczana jest na PLN po \u015brednim kursie funta)<\/strong><\/p>\n\n\n\n<p>ING  Bank \u015al\u0105ski<\/p>\n\n\n\n<p>Zbigniew Dziewanowski<\/p>\n\n\n\n<p>06 1050 1360 1000 0090 7726 4431<\/p>\n\n\n\n<p><\/p>\n<\/div>\n<\/div>\n","protected":false},"excerpt":{"rendered":"<p>Aby rozpocz\u0105\u0107 trening 1-1 wy\u015blij wiadomo\u015b\u0107 na WhatsApp +44 7871 349 600 lub zadzwo\u0144 &#8211; WhatsApp Zbyszek &#8221;Dzievan&#8221; Komu polecamy Trening 1-1 Sesja 1-1 wymaga pierwszego spotkania w celu ustalenia &#8230;<\/p>\n","protected":false},"author":1,"featured_media":0,"parent":0,"menu_order":0,"comment_status":"closed","ping_status":"closed","template":"","meta":{"footnotes":""},"class_list":["post-2411","page","type-page","status-publish","hentry"],"_links":{"self":[{"href":"https:\/\/www.dzievan.com\/index.php\/wp-json\/wp\/v2\/pages\/2411","targetHints":{"allow":["GET"]}}],"collection":[{"href":"https:\/\/www.dzievan.com\/index.php\/wp-json\/wp\/v2\/pages"}],"about":[{"href":"https:\/\/www.dzievan.com\/index.php\/wp-json\/wp\/v2\/types\/page"}],"author":[{"embeddable":true,"href":"https:\/\/www.dzievan.com\/index.php\/wp-json\/wp\/v2\/users\/1"}],"replies":[{"embeddable":true,"href":"https:\/\/www.dzievan.com\/index.php\/wp-json\/wp\/v2\/comments?post=2411"}],"version-history":[{"count":25,"href":"https:\/\/www.dzievan.com\/index.php\/wp-json\/wp\/v2\/pages\/2411\/revisions"}],"predecessor-version":[{"id":3325,"href":"https:\/\/www.dzievan.com\/index.php\/wp-json\/wp\/v2\/pages\/2411\/revisions\/3325"}],"wp:attachment":[{"href":"https:\/\/www.dzievan.com\/index.php\/wp-json\/wp\/v2\/media?parent=2411"}],"curies":[{"name":"wp","href":"https:\/\/api.w.org\/{rel}","templated":true}]}}