{"id":2962,"date":"2025-11-07T18:53:10","date_gmt":"2025-11-07T19:53:10","guid":{"rendered":"https:\/\/www.dzievan.com\/?page_id=2962"},"modified":"2026-02-11T19:46:58","modified_gmt":"2026-02-11T20:46:58","slug":"what-they-say-about-us","status":"publish","type":"page","link":"https:\/\/www.dzievan.com\/index.php\/what-they-say-about-us\/","title":{"rendered":"What They Say About Us"},"content":{"rendered":"\n<p class=\"has-text-align-center has-black-color has-text-color has-link-color wp-elements-6c4b9f4f82568db75459ca05ce410c23\" style=\"font-size:45px\"><strong>What They Say About Us<\/strong><\/p>\n\n\n\n<p class=\"has-text-align-center has-text-color has-background has-link-color wp-elements-e487ac5ccebca0c78d233bd4ee65a86c\" style=\"color:#676767;background-color:#f4f6fa;font-size:20px;text-transform:none\"><strong>Take a moment and get a feel for what the people we&#8217;ve helped want to share.<\/strong> <strong>Maybe you&#8217;ll join them someday<\/strong><\/p>\n\n\n\n<div class=\"wp-block-group\"><div class=\"wp-block-group__inner-container is-layout-constrained wp-block-group-is-layout-constrained\">\n<div class=\"wp-block-group\"><div class=\"wp-block-group__inner-container is-layout-constrained wp-block-group-is-layout-constrained\">\n<div class=\"wp-block-columns is-layout-flex wp-container-core-columns-is-layout-9d6595d7 wp-block-columns-is-layout-flex\">\n<div class=\"wp-block-column is-layout-flow wp-block-column-is-layout-flow\">\n<p><strong>Agnieszka \u2013 36 lat<\/strong><\/p>\n\n\n\n<p>Jaki\u015b czas temu przenios\u0142am si\u0119 do du\u017cego miasta. Powodem by\u0142a praca. Dobre zarobki, ale te\u017c du\u017cy stres i presja psychiczna, szczeg\u00f3lnie w pracy w\u015br\u00f3d kobiet&#8230;<\/p>\n\n\n\n<p>Bardzo dzi\u0119kuj\u0119 Marzenie za wszystko. W og\u00f3le MBB Coaching to jest chyba jakie\u015b zbawienie w dzisiejszych czasach. Bardzo doceni\u0142am ca\u0142\u0105 prostot\u0119 i \u0142atwo\u015b\u0107 stosowania ca\u0142ego Programu VIA. Nie wychodz\u0119 do pracy bez codziennego VIA SETA. Ciep\u0142a woda z rana i \u0107wiczenia fizyczne wraz z oddychaniem i moim Programowaniem Osobowym i jestem gotowa zmierzy\u0107 si\u0119 z besti\u0105 \u2013 korporacj\u0105 \ud83d\ude0a.<\/p>\n<\/div>\n\n\n\n<div class=\"wp-block-column is-layout-flow wp-block-column-is-layout-flow\">\n<p><strong>Andrzej \u2013 37 lat<\/strong><\/p>\n\n\n\n<p>Od 7 lat je\u017cd\u017c\u0119 tirami. Lubi\u0119 moj\u0105 prac\u0119. Dobrze p\u0142ac\u0105. Mog\u0119 sobie pozwoli\u0107 z rodzin\u0105 na fajne \u017cycie. Niestety zacz\u0119\u0142a mnie powoli dopada\u0107 ,,kl\u0105twa kierowcy\u2019\u2019&#8230;<\/p>\n\n\n\n<p>W trasie jad\u0119 i \u0107wicz\u0119 ca\u0142e cia\u0142o!!! Nawet nie wiedzia\u0142em, \u017ce to mo\u017cliwe. Po\u017cegna\u0142em si\u0119 z b\u00f3lem i tabletkami. Polecam wszystkim kierowcom. Na emeryturze przesiadam si\u0119 do kabrioleta w Hiszpanii. Dzi\u0119ki wielkie Zbychu za wszystko!!! &nbsp;&nbsp;&nbsp;<\/p>\n<\/div>\n\n\n\n<div class=\"wp-block-column is-layout-flow wp-block-column-is-layout-flow\">\n<p><strong>Krystyna \u2013 42 lata<\/strong><\/p>\n\n\n\n<p> Ja po prostu czuj\u0119 si\u0119 jak nowy cz\u0142owiek. W \u017cyciu mam pouk\u0142adane sprawy lepiej. Jakim\u015b cudem wi\u0119cej czasu dla siebie. Przesta\u0142am podjada\u0107. Mam r\u00f3wne i sta\u0142e cykle. Rano budz\u0119 si\u0119 bez b\u00f3lu i z energi\u0105. Zaczynam dzie\u0144 od szklanki ciep\u0142ej wody (pierwsza kawa dopiero 11-12! Dzieci mnie chwal\u0105: mama ale si\u0119 wylaskowa\u0142a\u015b! Nasze sprawy z m\u0119\u017cem to jak by\u015bmy si\u0119 cofn\u0119li w czasie \ud83d\ude09. Jeszcze raz bardzo dzi\u0119kuj\u0119 za wszystko! Czuj\u0119 si\u0119 zaprzyja\u017aniona ze zdrowiem. Gor\u0105co polecam!!!<\/p>\n<\/div>\n<\/div>\n<\/div><\/div>\n\n\n\n<div class=\"wp-block-columns is-layout-flex wp-container-core-columns-is-layout-9d6595d7 wp-block-columns-is-layout-flex\">\n<div class=\"wp-block-column is-layout-flow wp-block-column-is-layout-flow\">\n<p><strong>David &#8211; Age 43<\/strong><\/p>\n\n\n\n<p>I work the night shift. Family, duties. I didn\u2019t have much time or motivation to take care of myself after sleeping. I stopped moving. I ate too much. My body and my head were screaming for help&#8230;<\/p>\n\n\n\n<p>I am so surprised what a humongous change it can make to your life. I feel like a new person. It&#8217;s literally unbelievable what an impact all these changes have made. A big thanks, Dzievan. I would recommend it to anyone who suffers from the same problems. A big thanks again.<\/p>\n<\/div>\n\n\n\n<div class=\"wp-block-column is-layout-flow wp-block-column-is-layout-flow\">\n<p><strong>Steven &#8211; Age 52<\/strong><\/p>\n\n\n\n<p>I own a few restaurants. I had to be at work a lot. Too much. It&#8217;s great having your own business, but at some point, I felt like everything was starting to fall apart&#8230;<\/p>\n\n\n\n<p>I did the VIA-SET every day before work. Zbigniew showed me how to relax quickly and properly, even during the stress at work. My back pain is completely gone. I&#8217;m slowly starting to get my old shape back. And I&#8217;m back to surfing.<\/p>\n\n\n\n<p>Cheers to all the fans of health and feeling good. Thanks, Zbigniew, for your work and your heart.<\/p>\n<\/div>\n\n\n\n<div class=\"wp-block-column is-layout-flow wp-block-column-is-layout-flow\">\n<p><strong>John \u2013 Age 81<\/strong><\/p>\n\n\n\n<p>If you feel 50 inside but your body is a living grave and you see miracles happening to people working with Zbigniew, you want it for yourself. This is my story. I asked for this and it happened to me too&#8230;<\/p>\n\n\n\n<p>At 81, I took my wife on a two-week journey. If you are like me, I can tell you: Do not wait another day. Start doing this VIA Programme. You can&#8217;t take your money to the coffin.<\/p>\n<\/div>\n<\/div>\n\n\n\n<div class=\"wp-block-buttons is-layout-flex wp-block-buttons-is-layout-flex\">\n<div class=\"wp-block-button has-custom-width wp-block-button__width-100\"><a class=\"wp-block-button__link has-text-align-center wp-element-button\" href=\"https:\/\/www.dzievan.com\/index.php\/more-of-what-they-say-about-us\/\">More of What They Say About Us<\/a><\/div>\n<\/div>\n\n\n\n<div style=\"height:100px\" aria-hidden=\"true\" class=\"wp-block-spacer\"><\/div>\n\n\n\n<p><\/p>\n\n\n\n<p><\/p>\n<\/div><\/div>\n\n\n\n<p><\/p>\n","protected":false},"excerpt":{"rendered":"<p>What They Say About Us Take a moment and get a feel for what the people we&#8217;ve helped want to share. Maybe you&#8217;ll join them someday Agnieszka \u2013 36 lat &#8230;<\/p>\n","protected":false},"author":1,"featured_media":0,"parent":0,"menu_order":0,"comment_status":"closed","ping_status":"closed","template":"","meta":{"footnotes":""},"class_list":["post-2962","page","type-page","status-publish","hentry"],"_links":{"self":[{"href":"https:\/\/www.dzievan.com\/index.php\/wp-json\/wp\/v2\/pages\/2962","targetHints":{"allow":["GET"]}}],"collection":[{"href":"https:\/\/www.dzievan.com\/index.php\/wp-json\/wp\/v2\/pages"}],"about":[{"href":"https:\/\/www.dzievan.com\/index.php\/wp-json\/wp\/v2\/types\/page"}],"author":[{"embeddable":true,"href":"https:\/\/www.dzievan.com\/index.php\/wp-json\/wp\/v2\/users\/1"}],"replies":[{"embeddable":true,"href":"https:\/\/www.dzievan.com\/index.php\/wp-json\/wp\/v2\/comments?post=2962"}],"version-history":[{"count":20,"href":"https:\/\/www.dzievan.com\/index.php\/wp-json\/wp\/v2\/pages\/2962\/revisions"}],"predecessor-version":[{"id":3265,"href":"https:\/\/www.dzievan.com\/index.php\/wp-json\/wp\/v2\/pages\/2962\/revisions\/3265"}],"wp:attachment":[{"href":"https:\/\/www.dzievan.com\/index.php\/wp-json\/wp\/v2\/media?parent=2962"}],"curies":[{"name":"wp","href":"https:\/\/api.w.org\/{rel}","templated":true}]}}